{"id":2,"date":"2023-06-04T01:39:14","date_gmt":"2023-06-04T01:39:14","guid":{"rendered":"http:\/\/autvitel.cl\/?page_id=2"},"modified":"2023-09-14T18:06:29","modified_gmt":"2023-09-14T18:06:29","slug":"sample-page","status":"publish","type":"page","link":"https:\/\/autvitel.cl\/","title":{"rendered":"AutViTel"},"content":{"rendered":"\n<p>Automatizaci\u00f3n &#8211; Videovigilancia &#8211; Telecomunicaciones<\/p>\n\n\n\n<p><strong>Empresa dedicada a simplificar la vida mediante tecnolog\u00edas de alto nivel.<\/strong><\/p>\n\n\n\n<p>Buscanos en nuestras redes sociales.<\/p>\n\n\n\n<p><a href=\"https:\/\/www.facebook.com\/autvitel\" data-type=\"URL\" data-id=\"https:\/\/www.facebook.com\/autvitel\">Facebook<\/a> &#8211; <a href=\"https:\/\/www.instagram.com\/autvitel\/\" data-type=\"URL\" data-id=\"https:\/\/www.instagram.com\/autvitel\/\">Instagram<\/a><\/p>\n\n\n\n<p>P\u00e1gina en construcci\u00f3n&#8230;<\/p>\n","protected":false},"excerpt":{"rendered":"<p>Automatizaci\u00f3n &#8211; Videovigilancia &#8211; Telecomunicaciones Empresa dedicada a simplificar la vida mediante tecnolog\u00edas de alto nivel. Buscanos en nuestras redes sociales. Facebook &#8211; Instagram P\u00e1gina en construcci\u00f3n&#8230;<\/p>\n","protected":false},"author":1,"featured_media":11,"parent":0,"menu_order":0,"comment_status":"closed","ping_status":"open","template":"","meta":{"_mi_skip_tracking":false,"_monsterinsights_sitenote_active":false,"_monsterinsights_sitenote_note":"","_monsterinsights_sitenote_category":0},"_links":{"self":[{"href":"https:\/\/autvitel.cl\/index.php?rest_route=\/wp\/v2\/pages\/2"}],"collection":[{"href":"https:\/\/autvitel.cl\/index.php?rest_route=\/wp\/v2\/pages"}],"about":[{"href":"https:\/\/autvitel.cl\/index.php?rest_route=\/wp\/v2\/types\/page"}],"author":[{"embeddable":true,"href":"https:\/\/autvitel.cl\/index.php?rest_route=\/wp\/v2\/users\/1"}],"replies":[{"embeddable":true,"href":"https:\/\/autvitel.cl\/index.php?rest_route=%2Fwp%2Fv2%2Fcomments&post=2"}],"version-history":[{"count":6,"href":"https:\/\/autvitel.cl\/index.php?rest_route=\/wp\/v2\/pages\/2\/revisions"}],"predecessor-version":[{"id":31,"href":"https:\/\/autvitel.cl\/index.php?rest_route=\/wp\/v2\/pages\/2\/revisions\/31"}],"wp:featuredmedia":[{"embeddable":true,"href":"https:\/\/autvitel.cl\/index.php?rest_route=\/wp\/v2\/media\/11"}],"wp:attachment":[{"href":"https:\/\/autvitel.cl\/index.php?rest_route=%2Fwp%2Fv2%2Fmedia&parent=2"}],"curies":[{"name":"wp","href":"https:\/\/api.w.org\/{rel}","templated":true}]}}